{"id":105,"date":"2015-07-23T12:03:36","date_gmt":"2015-07-23T12:03:36","guid":{"rendered":"http:\/\/inspirythemesdemo.com\/realplaces\/?page_id=105"},"modified":"2024-10-10T09:33:45","modified_gmt":"2024-10-10T07:33:45","slug":"sardiniareality","status":"publish","type":"page","link":"https:\/\/www.sardiniareality.sk\/","title":{"rendered":"Sardinia reality"},"content":{"rendered":"\n<div class=\"wp-block-buttons alignwide is-content-justification-center is-layout-flex wp-container-core-buttons-is-layout-16018d1d wp-block-buttons-is-layout-flex\">\n<div class=\"wp-block-button\"><a class=\"wp-block-button__link wp-element-button\" href=\"https:\/\/www.sardiniareality.sk\/?page_id=71\">POZRITE SI V\u0160ETKY NA\u0160E PONUKY<\/a><\/div>\n<\/div>\n\n\n\n<p><\/p>\n","protected":false},"excerpt":{"rendered":"","protected":false},"author":1,"featured_media":0,"parent":0,"menu_order":0,"comment_status":"open","ping_status":"open","template":"page-templates\/home.php","meta":{"footnotes":""},"class_list":["post-105","page","type-page","status-publish","hentry","clearfix"],"yoast_head":"<!-- This site is optimized with the Yoast SEO plugin v18.2 - https:\/\/yoast.com\/wordpress\/plugins\/seo\/ -->\n<title>Sardinia reality - Sardinia Reality %<\/title>\n<meta name=\"description\" content=\"Nehnutelnosti Sardinia reality sardiniareality.sk sardinia reality nehnutelnosti na Sard\u00ednia domy apartm\u00e1ny pri mori zivotprimori\" \/>\n<meta name=\"robots\" content=\"index, follow, max-snippet:-1, max-image-preview:large, max-video-preview:-1\" \/>\n<link rel=\"canonical\" href=\"https:\/\/www.sardiniareality.sk\/\" \/>\n<meta property=\"og:locale\" content=\"sk_SK\" \/>\n<meta property=\"og:type\" content=\"article\" \/>\n<meta property=\"og:title\" content=\"Sardinia reality - Sardinia Reality %\" \/>\n<meta property=\"og:description\" content=\"Nehnutelnosti Sardinia reality sardiniareality.sk sardinia reality nehnutelnosti na Sard\u00ednia domy apartm\u00e1ny pri mori zivotprimori\" \/>\n<meta property=\"og:url\" content=\"https:\/\/www.sardiniareality.sk\/\" \/>\n<meta property=\"og:site_name\" content=\"Sardinia Reality\" \/>\n<meta property=\"article:modified_time\" content=\"2024-10-10T07:33:45+00:00\" \/>\n<meta name=\"twitter:card\" content=\"summary_large_image\" \/>\n<meta name=\"twitter:label1\" content=\"Predpokladan\u00fd \u010das \u010d\u00edtania\" \/>\n\t<meta name=\"twitter:data1\" content=\"1 min\u00fata\" \/>\n<script type=\"application\/ld+json\" class=\"yoast-schema-graph\">{\"@context\":\"https:\/\/schema.org\",\"@graph\":[{\"@type\":\"WebSite\",\"@id\":\"https:\/\/www.sardiniareality.sk\/#website\",\"url\":\"https:\/\/www.sardiniareality.sk\/\",\"name\":\"Sardinia Reality\",\"description\":\"\",\"potentialAction\":[{\"@type\":\"SearchAction\",\"target\":{\"@type\":\"EntryPoint\",\"urlTemplate\":\"https:\/\/www.sardiniareality.sk\/?s={search_term_string}\"},\"query-input\":\"required name=search_term_string\"}],\"inLanguage\":\"sk-SK\"},{\"@type\":\"WebPage\",\"@id\":\"https:\/\/www.sardiniareality.sk\/#webpage\",\"url\":\"https:\/\/www.sardiniareality.sk\/\",\"name\":\"Sardinia reality - Sardinia Reality %\",\"isPartOf\":{\"@id\":\"https:\/\/www.sardiniareality.sk\/#website\"},\"datePublished\":\"2015-07-23T12:03:36+00:00\",\"dateModified\":\"2024-10-10T07:33:45+00:00\",\"description\":\"Nehnutelnosti Sardinia reality sardiniareality.sk sardinia reality nehnutelnosti na Sard\u00ednia domy apartm\u00e1ny pri mori zivotprimori\",\"breadcrumb\":{\"@id\":\"https:\/\/www.sardiniareality.sk\/#breadcrumb\"},\"inLanguage\":\"sk-SK\",\"potentialAction\":[{\"@type\":\"ReadAction\",\"target\":[\"https:\/\/www.sardiniareality.sk\/\"]}]},{\"@type\":\"BreadcrumbList\",\"@id\":\"https:\/\/www.sardiniareality.sk\/#breadcrumb\",\"itemListElement\":[{\"@type\":\"ListItem\",\"position\":1,\"name\":\"Sardinia reality\",\"item\":\"https:\/\/www.sardiniareality.sk\/\"},{\"@type\":\"ListItem\",\"position\":2,\"name\":\"Sardinia reality\"}]}]}<\/script>\n<!-- \/ Yoast SEO plugin. -->","yoast_head_json":{"title":"Sardinia reality - Sardinia Reality %","description":"Nehnutelnosti Sardinia reality sardiniareality.sk sardinia reality nehnutelnosti na Sard\u00ednia domy apartm\u00e1ny pri mori zivotprimori","robots":{"index":"index","follow":"follow","max-snippet":"max-snippet:-1","max-image-preview":"max-image-preview:large","max-video-preview":"max-video-preview:-1"},"canonical":"https:\/\/www.sardiniareality.sk\/","og_locale":"sk_SK","og_type":"article","og_title":"Sardinia reality - Sardinia Reality %","og_description":"Nehnutelnosti Sardinia reality sardiniareality.sk sardinia reality nehnutelnosti na Sard\u00ednia domy apartm\u00e1ny pri mori zivotprimori","og_url":"https:\/\/www.sardiniareality.sk\/","og_site_name":"Sardinia Reality","article_modified_time":"2024-10-10T07:33:45+00:00","twitter_card":"summary_large_image","twitter_misc":{"Predpokladan\u00fd \u010das \u010d\u00edtania":"1 min\u00fata"},"schema":{"@context":"https:\/\/schema.org","@graph":[{"@type":"WebSite","@id":"https:\/\/www.sardiniareality.sk\/#website","url":"https:\/\/www.sardiniareality.sk\/","name":"Sardinia Reality","description":"","potentialAction":[{"@type":"SearchAction","target":{"@type":"EntryPoint","urlTemplate":"https:\/\/www.sardiniareality.sk\/?s={search_term_string}"},"query-input":"required name=search_term_string"}],"inLanguage":"sk-SK"},{"@type":"WebPage","@id":"https:\/\/www.sardiniareality.sk\/#webpage","url":"https:\/\/www.sardiniareality.sk\/","name":"Sardinia reality - Sardinia Reality %","isPartOf":{"@id":"https:\/\/www.sardiniareality.sk\/#website"},"datePublished":"2015-07-23T12:03:36+00:00","dateModified":"2024-10-10T07:33:45+00:00","description":"Nehnutelnosti Sardinia reality sardiniareality.sk sardinia reality nehnutelnosti na Sard\u00ednia domy apartm\u00e1ny pri mori zivotprimori","breadcrumb":{"@id":"https:\/\/www.sardiniareality.sk\/#breadcrumb"},"inLanguage":"sk-SK","potentialAction":[{"@type":"ReadAction","target":["https:\/\/www.sardiniareality.sk\/"]}]},{"@type":"BreadcrumbList","@id":"https:\/\/www.sardiniareality.sk\/#breadcrumb","itemListElement":[{"@type":"ListItem","position":1,"name":"Sardinia reality","item":"https:\/\/www.sardiniareality.sk\/"},{"@type":"ListItem","position":2,"name":"Sardinia reality"}]}]}},"_links":{"self":[{"href":"https:\/\/www.sardiniareality.sk\/index.php?rest_route=\/wp\/v2\/pages\/105","targetHints":{"allow":["GET"]}}],"collection":[{"href":"https:\/\/www.sardiniareality.sk\/index.php?rest_route=\/wp\/v2\/pages"}],"about":[{"href":"https:\/\/www.sardiniareality.sk\/index.php?rest_route=\/wp\/v2\/types\/page"}],"author":[{"embeddable":true,"href":"https:\/\/www.sardiniareality.sk\/index.php?rest_route=\/wp\/v2\/users\/1"}],"replies":[{"embeddable":true,"href":"https:\/\/www.sardiniareality.sk\/index.php?rest_route=%2Fwp%2Fv2%2Fcomments&post=105"}],"version-history":[{"count":11,"href":"https:\/\/www.sardiniareality.sk\/index.php?rest_route=\/wp\/v2\/pages\/105\/revisions"}],"predecessor-version":[{"id":7095,"href":"https:\/\/www.sardiniareality.sk\/index.php?rest_route=\/wp\/v2\/pages\/105\/revisions\/7095"}],"wp:attachment":[{"href":"https:\/\/www.sardiniareality.sk\/index.php?rest_route=%2Fwp%2Fv2%2Fmedia&parent=105"}],"curies":[{"name":"wp","href":"https:\/\/api.w.org\/{rel}","templated":true}]}}